{"id":385,"date":"2023-09-17T19:25:10","date_gmt":"2023-09-17T22:25:10","guid":{"rendered":"https:\/\/sintetizzalocacoes.com.br\/site\/?page_id=385"},"modified":"2026-04-16T18:49:13","modified_gmt":"2026-04-16T21:49:13","slug":"locacao-de-banheiro-quimico","status":"publish","type":"page","link":"https:\/\/sintetizzalocacoes.com.br\/site\/locacao-de-banheiro-quimico\/","title":{"rendered":"Loca\u00e7\u00e3o de Banheiro Qu\u00edmico"},"content":{"rendered":"\t\t<div data-elementor-type=\"wp-page\" data-elementor-id=\"385\" class=\"elementor elementor-385\">\n\t\t\t\t<div class=\"elementor-element elementor-element-14f0071 e-con-full e-flex e-con e-parent\" data-id=\"14f0071\" data-element_type=\"container\" data-e-type=\"container\">\n\t\t\t\t<div class=\"elementor-element elementor-element-259dbe7 elementor-widget elementor-widget-image\" data-id=\"259dbe7\" data-element_type=\"widget\" data-e-type=\"widget\" data-widget_type=\"image.default\">\n\t\t\t\t<div class=\"elementor-widget-container\">\n\t\t\t\t\t\t\t\t\t\t\t\t\t\t\t<img fetchpriority=\"high\" decoding=\"async\" width=\"1024\" height=\"683\" src=\"https:\/\/sintetizzalocacoes.com.br\/site\/wp-content\/uploads\/2026\/04\/ChatGPT-Image-16-de-abr.-de-2026-18_47_56-1024x683.webp\" class=\"attachment-large size-large wp-image-560\" alt=\"\" srcset=\"https:\/\/sintetizzalocacoes.com.br\/site\/wp-content\/uploads\/2026\/04\/ChatGPT-Image-16-de-abr.-de-2026-18_47_56-1024x683.webp 1024w, https:\/\/sintetizzalocacoes.com.br\/site\/wp-content\/uploads\/2026\/04\/ChatGPT-Image-16-de-abr.-de-2026-18_47_56-300x200.webp 300w, https:\/\/sintetizzalocacoes.com.br\/site\/wp-content\/uploads\/2026\/04\/ChatGPT-Image-16-de-abr.-de-2026-18_47_56-768x512.webp 768w, https:\/\/sintetizzalocacoes.com.br\/site\/wp-content\/uploads\/2026\/04\/ChatGPT-Image-16-de-abr.-de-2026-18_47_56.webp 1536w\" sizes=\"(max-width: 1024px) 100vw, 1024px\" \/>\t\t\t\t\t\t\t\t\t\t\t\t\t\t\t<\/div>\n\t\t\t\t<\/div>\n\t\t\t\t<\/div>\n\t\t<div class=\"elementor-element elementor-element-5413ef6 e-flex e-con-boxed e-con e-parent\" data-id=\"5413ef6\" data-element_type=\"container\" data-e-type=\"container\">\n\t\t\t\t\t<div class=\"e-con-inner\">\n\t\t\t\t<div class=\"elementor-element elementor-element-eb3b036 elementor-widget elementor-widget-text-editor\" data-id=\"eb3b036\" data-element_type=\"widget\" data-e-type=\"widget\" data-widget_type=\"text-editor.default\">\n\t\t\t\t<div class=\"elementor-widget-container\">\n\t\t\t\t\t\t\t\t\t<h3>Loca\u00e7\u00e3o de Banheiro Qu\u00edmico<\/h3>\t\t\t\t\t\t\t\t<\/div>\n\t\t\t\t<\/div>\n\t\t\t\t\t<\/div>\n\t\t\t\t<\/div>\n\t\t<div class=\"elementor-element elementor-element-9a0d521 e-flex e-con-boxed e-con e-parent\" data-id=\"9a0d521\" data-element_type=\"container\" data-e-type=\"container\">\n\t\t\t\t\t<div class=\"e-con-inner\">\n\t\t\t\t<div class=\"elementor-element elementor-element-7fd5972 elementor-widget elementor-widget-text-editor\" data-id=\"7fd5972\" data-element_type=\"widget\" data-e-type=\"widget\" data-widget_type=\"text-editor.default\">\n\t\t\t\t<div class=\"elementor-widget-container\">\n\t\t\t\t\t\t\t\t\t<p>Aluguel de Banheiros Qu\u00edmicos (cabines sanit\u00e1rias) para eventos em Sorocaba e toda a regi\u00e3o.<br \/>Banheiro stand, luxo, P.N.E (Portadores de Necessidades Especiais). Fale conosco agora mesmo.<\/p>\t\t\t\t\t\t\t\t<\/div>\n\t\t\t\t<\/div>\n\t\t\t\t<div class=\"elementor-element elementor-element-d9f74d1 elementor-widget elementor-widget-spacer\" data-id=\"d9f74d1\" data-element_type=\"widget\" data-e-type=\"widget\" data-widget_type=\"spacer.default\">\n\t\t\t\t<div class=\"elementor-widget-container\">\n\t\t\t\t\t\t\t<div class=\"elementor-spacer\">\n\t\t\t<div class=\"elementor-spacer-inner\"><\/div>\n\t\t<\/div>\n\t\t\t\t\t\t<\/div>\n\t\t\t\t<\/div>\n\t\t\t\t\t<\/div>\n\t\t\t\t<\/div>\n\t\t\t\t<\/div>\n\t\t","protected":false},"excerpt":{"rendered":"<p>Loca\u00e7\u00e3o de Banheiro Qu\u00edmico Aluguel de Banheiros Qu\u00edmicos (cabines sanit\u00e1rias) para eventos em Sorocaba e toda a regi\u00e3o.Banheiro stand, luxo, P.N.E (Portadores de Necessidades Especiais). Fale conosco agora mesmo.<\/p>\n","protected":false},"author":1,"featured_media":0,"parent":0,"menu_order":0,"comment_status":"closed","ping_status":"closed","template":"","meta":{"site-sidebar-layout":"no-sidebar","site-content-layout":"","ast-site-content-layout":"full-width-container","site-content-style":"default","site-sidebar-style":"default","ast-global-header-display":"disabled","ast-banner-title-visibility":"disabled","ast-main-header-display":"","ast-hfb-above-header-display":"","ast-hfb-below-header-display":"","ast-hfb-mobile-header-display":"","site-post-title":"disabled","ast-breadcrumbs-content":"","ast-featured-img":"disabled","footer-sml-layout":"disabled","ast-disable-related-posts":"","theme-transparent-header-meta":"","adv-header-id-meta":"","stick-header-meta":"","header-above-stick-meta":"","header-main-stick-meta":"","header-below-stick-meta":"","astra-migrate-meta-layouts":"","ast-page-background-enabled":"default","ast-page-background-meta":{"desktop":{"background-color":"var(--ast-global-color-4)","background-image":"","background-repeat":"repeat","background-position":"center center","background-size":"auto","background-attachment":"scroll","background-type":"","background-media":"","overlay-type":"","overlay-color":"","overlay-opacity":"","overlay-gradient":""},"tablet":{"background-color":"","background-image":"","background-repeat":"repeat","background-position":"center center","background-size":"auto","background-attachment":"scroll","background-type":"","background-media":"","overlay-type":"","overlay-color":"","overlay-opacity":"","overlay-gradient":""},"mobile":{"background-color":"","background-image":"","background-repeat":"repeat","background-position":"center center","background-size":"auto","background-attachment":"scroll","background-type":"","background-media":"","overlay-type":"","overlay-color":"","overlay-opacity":"","overlay-gradient":""}},"ast-content-background-meta":{"desktop":{"background-color":"var(--ast-global-color-5)","background-image":"","background-repeat":"repeat","background-position":"center center","background-size":"auto","background-attachment":"scroll","background-type":"","background-media":"","overlay-type":"","overlay-color":"","overlay-opacity":"","overlay-gradient":""},"tablet":{"background-color":"var(--ast-global-color-5)","background-image":"","background-repeat":"repeat","background-position":"center center","background-size":"auto","background-attachment":"scroll","background-type":"","background-media":"","overlay-type":"","overlay-color":"","overlay-opacity":"","overlay-gradient":""},"mobile":{"background-color":"var(--ast-global-color-5)","background-image":"","background-repeat":"repeat","background-position":"center center","background-size":"auto","background-attachment":"scroll","background-type":"","background-media":"","overlay-type":"","overlay-color":"","overlay-opacity":"","overlay-gradient":""}},"footnotes":""},"class_list":["post-385","page","type-page","status-publish","hentry"],"aioseo_notices":[],"_links":{"self":[{"href":"https:\/\/sintetizzalocacoes.com.br\/site\/wp-json\/wp\/v2\/pages\/385","targetHints":{"allow":["GET"]}}],"collection":[{"href":"https:\/\/sintetizzalocacoes.com.br\/site\/wp-json\/wp\/v2\/pages"}],"about":[{"href":"https:\/\/sintetizzalocacoes.com.br\/site\/wp-json\/wp\/v2\/types\/page"}],"author":[{"embeddable":true,"href":"https:\/\/sintetizzalocacoes.com.br\/site\/wp-json\/wp\/v2\/users\/1"}],"replies":[{"embeddable":true,"href":"https:\/\/sintetizzalocacoes.com.br\/site\/wp-json\/wp\/v2\/comments?post=385"}],"version-history":[{"count":10,"href":"https:\/\/sintetizzalocacoes.com.br\/site\/wp-json\/wp\/v2\/pages\/385\/revisions"}],"predecessor-version":[{"id":563,"href":"https:\/\/sintetizzalocacoes.com.br\/site\/wp-json\/wp\/v2\/pages\/385\/revisions\/563"}],"wp:attachment":[{"href":"https:\/\/sintetizzalocacoes.com.br\/site\/wp-json\/wp\/v2\/media?parent=385"}],"curies":[{"name":"wp","href":"https:\/\/api.w.org\/{rel}","templated":true}]}}