{"id":379,"date":"2023-09-17T18:59:42","date_gmt":"2023-09-17T21:59:42","guid":{"rendered":"https:\/\/sintetizzalocacoes.com.br\/site\/?page_id=379"},"modified":"2023-09-18T12:34:18","modified_gmt":"2023-09-18T15:34:18","slug":"locacao-de-moveis-p-eventos","status":"publish","type":"page","link":"https:\/\/sintetizzalocacoes.com.br\/site\/locacao-de-moveis-p-eventos\/","title":{"rendered":"Loca\u00e7\u00e3o de M\u00f3veis p\/ Eventos"},"content":{"rendered":"\t\t<div data-elementor-type=\"wp-page\" data-elementor-id=\"379\" class=\"elementor elementor-379\">\n\t\t\t\t<div class=\"elementor-element elementor-element-14f0071 e-con-full e-flex e-con e-parent\" data-id=\"14f0071\" data-element_type=\"container\" data-e-type=\"container\">\n\t\t\t\t<div class=\"elementor-element elementor-element-259dbe7 elementor-widget elementor-widget-image\" data-id=\"259dbe7\" data-element_type=\"widget\" data-e-type=\"widget\" data-widget_type=\"image.default\">\n\t\t\t\t<div class=\"elementor-widget-container\">\n\t\t\t\t\t\t\t\t\t\t\t\t\t\t\t<img fetchpriority=\"high\" decoding=\"async\" width=\"1024\" height=\"373\" src=\"https:\/\/sintetizzalocacoes.com.br\/site\/wp-content\/uploads\/2023\/09\/5-1-1024x373.png\" class=\"attachment-large size-large wp-image-381\" alt=\"\" srcset=\"https:\/\/sintetizzalocacoes.com.br\/site\/wp-content\/uploads\/2023\/09\/5-1-1024x373.png 1024w, https:\/\/sintetizzalocacoes.com.br\/site\/wp-content\/uploads\/2023\/09\/5-1-300x109.png 300w, https:\/\/sintetizzalocacoes.com.br\/site\/wp-content\/uploads\/2023\/09\/5-1-768x280.png 768w, https:\/\/sintetizzalocacoes.com.br\/site\/wp-content\/uploads\/2023\/09\/5-1-1536x560.png 1536w, https:\/\/sintetizzalocacoes.com.br\/site\/wp-content\/uploads\/2023\/09\/5-1.png 1920w\" sizes=\"(max-width: 1024px) 100vw, 1024px\" \/>\t\t\t\t\t\t\t\t\t\t\t\t\t\t\t<\/div>\n\t\t\t\t<\/div>\n\t\t\t\t<\/div>\n\t\t<div class=\"elementor-element elementor-element-837303d e-flex e-con-boxed e-con e-parent\" data-id=\"837303d\" data-element_type=\"container\" data-e-type=\"container\">\n\t\t\t\t\t<div class=\"e-con-inner\">\n\t\t\t\t<div class=\"elementor-element elementor-element-900c168 elementor-widget elementor-widget-text-editor\" data-id=\"900c168\" data-element_type=\"widget\" data-e-type=\"widget\" data-widget_type=\"text-editor.default\">\n\t\t\t\t<div class=\"elementor-widget-container\">\n\t\t\t\t\t\t\t\t\t<h3>M\u00f3veis para Eventos<\/h3>\t\t\t\t\t\t\t\t<\/div>\n\t\t\t\t<\/div>\n\t\t\t\t\t<\/div>\n\t\t\t\t<\/div>\n\t\t<div class=\"elementor-element elementor-element-9a0d521 e-flex e-con-boxed e-con e-parent\" data-id=\"9a0d521\" data-element_type=\"container\" data-e-type=\"container\">\n\t\t\t\t\t<div class=\"e-con-inner\">\n\t\t\t\t<div class=\"elementor-element elementor-element-7fd5972 elementor-widget elementor-widget-text-editor\" data-id=\"7fd5972\" data-element_type=\"widget\" data-e-type=\"widget\" data-widget_type=\"text-editor.default\">\n\t\t\t\t<div class=\"elementor-widget-container\">\n\t\t\t\t\t\t\t\t\t<p>Nosso servi\u00e7o de aluguel de m\u00f3veis e equipamentos oferece uma ampla sele\u00e7\u00e3o de produtos para todos os tipos de eventos, desde sociais a eventos corporativos. Alugamos toda mob\u00edlia necess\u00e1ria para seu evento.<br \/>A nossa vasta gama de m\u00f3veis personalizados inclui cadeiras, mesas, sof\u00e1s, balc\u00f5es, bares e utens\u00edlios para o ajudar a criar o espa\u00e7o perfeito para o seu evento.<br \/>Tamb\u00e9m oferecemos outros servi\u00e7os como aquecedor, climatizadores, al\u00e9m de equipamentos audiovisuais para apresenta\u00e7\u00f5es.<\/p>\t\t\t\t\t\t\t\t<\/div>\n\t\t\t\t<\/div>\n\t\t\t\t<div class=\"elementor-element elementor-element-c5136bd elementor-widget elementor-widget-spacer\" data-id=\"c5136bd\" data-element_type=\"widget\" data-e-type=\"widget\" data-widget_type=\"spacer.default\">\n\t\t\t\t<div class=\"elementor-widget-container\">\n\t\t\t\t\t\t\t<div class=\"elementor-spacer\">\n\t\t\t<div class=\"elementor-spacer-inner\"><\/div>\n\t\t<\/div>\n\t\t\t\t\t\t<\/div>\n\t\t\t\t<\/div>\n\t\t\t\t\t<\/div>\n\t\t\t\t<\/div>\n\t\t\t\t<\/div>\n\t\t","protected":false},"excerpt":{"rendered":"<p>M\u00f3veis para Eventos Nosso servi\u00e7o de aluguel de m\u00f3veis e equipamentos oferece uma ampla sele\u00e7\u00e3o de produtos para todos os tipos de eventos, desde sociais a eventos corporativos. Alugamos toda mob\u00edlia necess\u00e1ria para seu evento.A nossa vasta gama de m\u00f3veis personalizados inclui cadeiras, mesas, sof\u00e1s, balc\u00f5es, bares e utens\u00edlios para o ajudar a criar o [&hellip;]<\/p>\n","protected":false},"author":1,"featured_media":0,"parent":0,"menu_order":0,"comment_status":"closed","ping_status":"closed","template":"","meta":{"site-sidebar-layout":"no-sidebar","site-content-layout":"","ast-site-content-layout":"full-width-container","site-content-style":"default","site-sidebar-style":"default","ast-global-header-display":"disabled","ast-banner-title-visibility":"disabled","ast-main-header-display":"","ast-hfb-above-header-display":"","ast-hfb-below-header-display":"","ast-hfb-mobile-header-display":"","site-post-title":"disabled","ast-breadcrumbs-content":"","ast-featured-img":"disabled","footer-sml-layout":"disabled","ast-disable-related-posts":"","theme-transparent-header-meta":"","adv-header-id-meta":"","stick-header-meta":"","header-above-stick-meta":"","header-main-stick-meta":"","header-below-stick-meta":"","astra-migrate-meta-layouts":"","ast-page-background-enabled":"default","ast-page-background-meta":{"desktop":{"background-color":"var(--ast-global-color-4)","background-image":"","background-repeat":"repeat","background-position":"center center","background-size":"auto","background-attachment":"scroll","background-type":"","background-media":"","overlay-type":"","overlay-color":"","overlay-opacity":"","overlay-gradient":""},"tablet":{"background-color":"","background-image":"","background-repeat":"repeat","background-position":"center center","background-size":"auto","background-attachment":"scroll","background-type":"","background-media":"","overlay-type":"","overlay-color":"","overlay-opacity":"","overlay-gradient":""},"mobile":{"background-color":"","background-image":"","background-repeat":"repeat","background-position":"center center","background-size":"auto","background-attachment":"scroll","background-type":"","background-media":"","overlay-type":"","overlay-color":"","overlay-opacity":"","overlay-gradient":""}},"ast-content-background-meta":{"desktop":{"background-color":"var(--ast-global-color-5)","background-image":"","background-repeat":"repeat","background-position":"center center","background-size":"auto","background-attachment":"scroll","background-type":"","background-media":"","overlay-type":"","overlay-color":"","overlay-opacity":"","overlay-gradient":""},"tablet":{"background-color":"var(--ast-global-color-5)","background-image":"","background-repeat":"repeat","background-position":"center center","background-size":"auto","background-attachment":"scroll","background-type":"","background-media":"","overlay-type":"","overlay-color":"","overlay-opacity":"","overlay-gradient":""},"mobile":{"background-color":"var(--ast-global-color-5)","background-image":"","background-repeat":"repeat","background-position":"center center","background-size":"auto","background-attachment":"scroll","background-type":"","background-media":"","overlay-type":"","overlay-color":"","overlay-opacity":"","overlay-gradient":""}},"footnotes":""},"class_list":["post-379","page","type-page","status-publish","hentry"],"aioseo_notices":[],"_links":{"self":[{"href":"https:\/\/sintetizzalocacoes.com.br\/site\/wp-json\/wp\/v2\/pages\/379","targetHints":{"allow":["GET"]}}],"collection":[{"href":"https:\/\/sintetizzalocacoes.com.br\/site\/wp-json\/wp\/v2\/pages"}],"about":[{"href":"https:\/\/sintetizzalocacoes.com.br\/site\/wp-json\/wp\/v2\/types\/page"}],"author":[{"embeddable":true,"href":"https:\/\/sintetizzalocacoes.com.br\/site\/wp-json\/wp\/v2\/users\/1"}],"replies":[{"embeddable":true,"href":"https:\/\/sintetizzalocacoes.com.br\/site\/wp-json\/wp\/v2\/comments?post=379"}],"version-history":[{"count":7,"href":"https:\/\/sintetizzalocacoes.com.br\/site\/wp-json\/wp\/v2\/pages\/379\/revisions"}],"predecessor-version":[{"id":455,"href":"https:\/\/sintetizzalocacoes.com.br\/site\/wp-json\/wp\/v2\/pages\/379\/revisions\/455"}],"wp:attachment":[{"href":"https:\/\/sintetizzalocacoes.com.br\/site\/wp-json\/wp\/v2\/media?parent=379"}],"curies":[{"name":"wp","href":"https:\/\/api.w.org\/{rel}","templated":true}]}}